{"id":150,"date":"2019-05-23T09:33:34","date_gmt":"2019-05-23T09:33:34","guid":{"rendered":"https:\/\/websites.fraunhofer.de\/block4edu\/?page_id=150"},"modified":"2021-05-21T06:39:10","modified_gmt":"2021-05-21T06:39:10","slug":"roadmap","status":"publish","type":"page","link":"https:\/\/www.digicerts.de\/?page_id=150","title":{"rendered":"Roadmap"},"content":{"rendered":"<p>[et_pb_section fb_built=&#8220;1&#8243; fullwidth=&#8220;on&#8220; _builder_version=&#8220;3.21.4&#8243;][et_pb_fullwidth_header title=&#8220;Roadmap&#8220; subhead=&#8220;Vorreiter f\u00fcr die Zukunft&#8220; scroll_down_icon_color=&#8220;rgba(0,0,0,0)&#8220; logo_image_url=&#8220;https:\/\/www.digicerts.de\/wp-content\/uploads\/2019\/04\/digiCerts_logo.png&#8220; _builder_version=&#8220;3.21.4&#8243; background_image=&#8220;https:\/\/www.digicerts.de\/wp-content\/uploads\/2019\/05\/roadmap_header.jpg&#8220; background_layout=&#8220;light&#8220; text_shadow_style=&#8220;preset1&#8243;]<\/p>\n<h3>Die bisherigen Schritte auf dem Weg zum Kompetenzf\u00fchrer<\/h3>\n<p>[\/et_pb_fullwidth_header][\/et_pb_section][et_pb_section fb_built=&#8220;1&#8243; _builder_version=&#8220;3.21.4&#8243;][et_pb_row _builder_version=&#8220;3.21.4&#8243;][et_pb_column type=&#8220;4_4&#8243; _builder_version=&#8220;3.21.4&#8243;][et_pb_divider show_divider=&#8220;off&#8220; _builder_version=&#8220;3.21.4&#8243; custom_margin=&#8220;30px||&#8220;][\/et_pb_divider][\/et_pb_column][\/et_pb_row][\/et_pb_section][et_pb_section fb_built=&#8220;1&#8243; _builder_version=&#8220;3.21.4&#8243;][et_pb_row _builder_version=&#8220;3.21.4&#8243;][et_pb_column type=&#8220;4_4&#8243; _builder_version=&#8220;3.21.4&#8243;][et_pb_accordion _builder_version=&#8220;3.21.4&#8243;][et_pb_accordion_item title=&#8220;Juni 2018&#8243; _builder_version=&#8220;3.21.4&#8243; open=&#8220;on&#8220;]<\/p>\n<h4>Auf der letzten CeBit treffen sich TH L\u00fcbeck und Fraunhofer FIT und erkennen die Vorteile einer Zusammenarbeit. Der Auftakt eines Erfahrungsaustausches beginnt.<\/h4>\n<p>[\/et_pb_accordion_item][et_pb_accordion_item title=&#8220;Oktober 2018&#8243; _builder_version=&#8220;3.21.4&#8243; open=&#8220;off&#8220;]<\/p>\n<h4>Besuch der TH L\u00fcbeck am FIT. \u00a0Vereinbarung \u00fcber die zuk\u00fcnftige Nutzung der FIT-Blockchain durch die TH L\u00fcbeck im Rahmen des IMPact Digital Projektes.<\/h4>\n<p>[\/et_pb_accordion_item][et_pb_accordion_item title=&#8220;November  2018 &#8220; _builder_version=&#8220;3.21.4&#8243; open=&#8220;off&#8220;]<\/p>\n<p>Blockchain-Prototyp auf Basis der Blockchain des FIT wurde an der TH L\u00fcbeck als Open-Source-Moodle-Plugin entwickelt.<\/p>\n<p>[\/et_pb_accordion_item][et_pb_accordion_item title=&#8220;November 2018 &#8220; _builder_version=&#8220;3.21.4&#8243; open=&#8220;off&#8220;]<\/p>\n<p>Eine erster Ethereum Prototyp der Moodle Anbindung wird auf der Campus Innovation in Hamburg von der TH L\u00fcbeck vorgestellt.<\/p>\n<p>[\/et_pb_accordion_item][et_pb_accordion_item title=&#8220;Februar 2019 &#8220; _builder_version=&#8220;3.21.4&#8243; open=&#8220;off&#8220;]<\/p>\n<p>Am 07.02.2019 auf dem IMPact Digital-Blockchain-Workshop wurde die Idee der Blockchain Allianz geboren.<\/p>\n<p>[\/et_pb_accordion_item][et_pb_accordion_item title=&#8220;M\u00e4rz 2019&#8243; _builder_version=&#8220;3.21.4&#8243; open=&#8220;off&#8220;]<\/p>\n<p>Alle Gr\u00fcndungsmitglieder bekunden ihr Bereitschaft Teil der Allianz zu werden.<\/p>\n<p>[\/et_pb_accordion_item][et_pb_accordion_item title=&#8220;April 2019&#8243; _builder_version=&#8220;3.21.4&#8243; open=&#8220;off&#8220;]<\/p>\n<p>Die Staatskanzlei des Landes Schleswig-Holstein steht umf\u00e4nglich hinter der Allianz und ein Pilot f\u00fcr das Land wird diskutiert.<\/p>\n<p>[\/et_pb_accordion_item][et_pb_accordion_item title=&#8220;Mai 2019&#8243; _builder_version=&#8220;3.21.4&#8243; open=&#8220;off&#8220;]<\/p>\n<p>Vorstellung des Blockchain-Prototypen auf dem Symposium der Virtuellen Fachhochschule\/ Vortrag in Lille von A. Wittke zusammen mit Herrn Prinz vom FIT.<\/p>\n<p>[\/et_pb_accordion_item][\/et_pb_accordion][\/et_pb_column][\/et_pb_row][\/et_pb_section][et_pb_section fb_built=&#8220;1&#8243; _builder_version=&#8220;3.21.4&#8243;][et_pb_row _builder_version=&#8220;3.21.4&#8243;][et_pb_column type=&#8220;4_4&#8243; _builder_version=&#8220;3.21.4&#8243;][et_pb_divider show_divider=&#8220;off&#8220; _builder_version=&#8220;3.21.4&#8243; custom_margin=&#8220;30px||&#8220;][\/et_pb_divider][\/et_pb_column][\/et_pb_row][\/et_pb_section]<\/p>\n","protected":false},"excerpt":{"rendered":"<p>Die bisherigen Schritte auf dem Weg zum Kompetenzf\u00fchrer Auf der letzten CeBit treffen sich TH L\u00fcbeck und Fraunhofer FIT und erkennen die Vorteile einer Zusammenarbeit. Der Auftakt eines Erfahrungsaustausches beginnt. Besuch der TH L\u00fcbeck am FIT. \u00a0Vereinbarung \u00fcber die zuk\u00fcnftige Nutzung der FIT-Blockchain durch die TH L\u00fcbeck im Rahmen des IMPact Digital Projektes. Blockchain-Prototyp auf [&hellip;]<\/p>\n","protected":false},"author":4,"featured_media":0,"parent":0,"menu_order":0,"comment_status":"closed","ping_status":"closed","template":"","meta":{"_et_pb_use_builder":"on","_et_pb_old_content":"<!-- wp:table {\"align\":\"left\",\"className\":\"is-style-stripes\"} -->\n<table class=\"wp-block-table alignleft is-style-stripes\"><tbody><tr><td>\nJuni 2018\n<\/td><td> Auf der letzten CeBit treffen sich TH L\u00fcbeck und Fraunhofer FIT und erkennen die Vorteile einer Zusammenarbeit. Der Auftakt eines Erfahrungsaustausches beginnt. <\/td><\/tr><tr><td> Oktober <br>2018 <\/td><td> Besuch der TH L\u00fcbeck am FIT. \u00a0Vereinbarung \u00fcber die zuk\u00fcnftige Nutzung der FIT-Blockchain durch die TH L\u00fcbeck im Rahmen des IMPact Digital Projektes.<\/td><\/tr><tr><td> November <br>2018 <\/td><td> Blockchain-Prototyp auf Basis der Blockchain des FIT wurde an der TH L\u00fcbeck als Open-Source-Moodle-Plugin entwickelt.<\/td><\/tr><tr><td>\nNovember 2018\n<\/td><td> Eine erster Ethereum Prototyp der Moodle Anbindung wird auf der Campus Innovation in Hamburg von der TH L\u00fcbeck vorgestellt.<\/td><\/tr><tr><td>\nFebruar 2019\n<\/td><td> Am 07.02.2019 auf dem IMPact Digital-Blockchain-Workshop wurde die Idee der Blockchain Allianz geboren. <\/td><\/tr><tr><td>\nM\u00e4rz 2019\n<\/td><td> Alle Gr\u00fcndungsmitglieder bekunden ihr Bereitschaft Teil der Allianz zu werden.<\/td><\/tr><tr><td>\nApril 2019\n<\/td><td> Die Staatskanzlei des Landes Schleswig-Holstein steht umf\u00e4nglich hinter der Allianz und ein Pilot f\u00fcr das Land wird diskutiert.<\/td><\/tr><tr><td>\nMai 2019\n<\/td><td> Vorstellung des Blockchain-Prototypen auf dem Symposium der Virtuellen Fachhochschule\/ Vortrag in Lille von A. Wittke zusammen mit Herrn Prinz vom FIT.<\/td><\/tr><\/tbody><\/table>\n<!-- \/wp:table -->","_et_gb_content_width":"","footnotes":""},"class_list":["post-150","page","type-page","status-publish","hentry"],"_links":{"self":[{"href":"https:\/\/www.digicerts.de\/index.php?rest_route=\/wp\/v2\/pages\/150","targetHints":{"allow":["GET"]}}],"collection":[{"href":"https:\/\/www.digicerts.de\/index.php?rest_route=\/wp\/v2\/pages"}],"about":[{"href":"https:\/\/www.digicerts.de\/index.php?rest_route=\/wp\/v2\/types\/page"}],"author":[{"embeddable":true,"href":"https:\/\/www.digicerts.de\/index.php?rest_route=\/wp\/v2\/users\/4"}],"replies":[{"embeddable":true,"href":"https:\/\/www.digicerts.de\/index.php?rest_route=%2Fwp%2Fv2%2Fcomments&post=150"}],"version-history":[{"count":9,"href":"https:\/\/www.digicerts.de\/index.php?rest_route=\/wp\/v2\/pages\/150\/revisions"}],"predecessor-version":[{"id":256,"href":"https:\/\/www.digicerts.de\/index.php?rest_route=\/wp\/v2\/pages\/150\/revisions\/256"}],"wp:attachment":[{"href":"https:\/\/www.digicerts.de\/index.php?rest_route=%2Fwp%2Fv2%2Fmedia&parent=150"}],"curies":[{"name":"wp","href":"https:\/\/api.w.org\/{rel}","templated":true}]}}