{"id":30,"date":"2019-04-23T06:58:04","date_gmt":"2019-04-23T06:58:04","guid":{"rendered":"https:\/\/websites.fraunhofer.de\/block4edu\/?page_id=30"},"modified":"2020-10-15T11:52:15","modified_gmt":"2020-10-15T11:52:15","slug":"was-ist-digicerts","status":"publish","type":"page","link":"https:\/\/www.digicerts.de\/?page_id=30","title":{"rendered":"Was ist DigiCerts?"},"content":{"rendered":"[et_pb_section fb_built=&#8220;1&#8243; admin_label=&#8220;section&#8220; _builder_version=&#8220;3.0.47&#8243;][et_pb_row admin_label=&#8220;row&#8220; _builder_version=&#8220;3.0.48&#8243; background_size=&#8220;initial&#8220; background_position=&#8220;top_left&#8220; background_repeat=&#8220;repeat&#8220;][et_pb_column type=&#8220;4_4&#8243; _builder_version=&#8220;3.0.47&#8243;][et_pb_text admin_label=&#8220;Text&#8220; _builder_version=&#8220;3.0.74&#8243; background_size=&#8220;initial&#8220; background_position=&#8220;top_left&#8220; background_repeat=&#8220;repeat&#8220;]\n<figure class=\"wp-block-image\"><img loading=\"lazy\" decoding=\"async\" width=\"1024\" height=\"534\" src=\"https:\/\/www.digicerts.de\/wp-content\/uploads\/2019\/05\/facebook_gruppenbild_digicerts-1024x534.png\" alt=\"\" class=\"wp-image-161\" srcset=\"https:\/\/www.digicerts.de\/wp-content\/uploads\/2019\/05\/facebook_gruppenbild_digicerts-1024x534.png 1024w, https:\/\/www.digicerts.de\/wp-content\/uploads\/2019\/05\/facebook_gruppenbild_digicerts-300x157.png 300w, https:\/\/www.digicerts.de\/wp-content\/uploads\/2019\/05\/facebook_gruppenbild_digicerts-768x401.png 768w, https:\/\/www.digicerts.de\/wp-content\/uploads\/2019\/05\/facebook_gruppenbild_digicerts-1080x564.png 1080w, https:\/\/www.digicerts.de\/wp-content\/uploads\/2019\/05\/facebook_gruppenbild_digicerts.png 1640w\" sizes=\"(max-width: 1024px) 100vw, 1024px\" \/><\/figure>\n\n\n\n<p class=\"has-medium-font-size\">DigiCerts ist eine Allianz von Hochschulen und Institutionen aus dem Forschungs- und Bildungsbereich, die gemeinsam L\u00f6sungen f\u00fcr innovative Zertifizierungsprozesse entwickeln. &nbsp;Uns vereint das Ziel, gemeinsam eine nachhaltige digitale L\u00f6sung f\u00fcr global einsetzbare Zertifizierungsprozesse zu schaffen. Die Allianz basiert auf gegenseitiger Anerkennung und Vertrauen in die gemeinsame Vision der Blockchain-Technologie.<\/p>\n\n\n\n<p class=\"has-medium-font-size\">DigiCerts  ist Partner im <a rel=\"noreferrer noopener\" href=\"http:\/\/netzwerkdigitalenachweise.de\" target=\"_blank\">Netzwerk Digitale Nachweise<\/a>.<\/p>\n\n\n\n<p class=\"has-medium-font-size\">Die Blockchain-Allianz \u201cDigiCerts\u201d entwickelt, betreibt und erforscht ein Blockchain-Netzwerk f\u00fcr die Echtheitspr\u00fcfung von digitalen Zertifikaten und definiert Grundlagen des Betriebs und der Mitgliedschaft. <\/p>\n[\/et_pb_text][\/et_pb_column][\/et_pb_row][\/et_pb_section]","protected":false},"excerpt":{"rendered":"<p>DigiCerts ist eine Allianz von Hochschulen und Institutionen aus dem Forschungs- und Bildungsbereich, die gemeinsam L\u00f6sungen f\u00fcr innovative Zertifizierungsprozesse entwickeln. &nbsp;Uns vereint das Ziel, gemeinsam eine nachhaltige digitale L\u00f6sung f\u00fcr global einsetzbare Zertifizierungsprozesse zu schaffen. Die Allianz basiert auf gegenseitiger Anerkennung und Vertrauen in die gemeinsame Vision der Blockchain-Technologie. DigiCerts ist Partner im Netzwerk Digitale [&hellip;]<\/p>\n","protected":false},"author":4,"featured_media":0,"parent":0,"menu_order":0,"comment_status":"closed","ping_status":"closed","template":"","meta":{"_et_pb_use_builder":"on","_et_pb_old_content":"<!-- wp:image {\"id\":161} -->\n<figure class=\"wp-block-image\"><img src=\"https:\/\/www.digicerts.de\/wp-content\/uploads\/2019\/05\/facebook_gruppenbild_digicerts-1024x534.png\" alt=\"\" class=\"wp-image-161\"\/><\/figure>\n<!-- \/wp:image -->\n\n<!-- wp:paragraph {\"fontSize\":\"medium\"} -->\n<p class=\"has-medium-font-size\">DigiCerts ist eine Allianz von Hochschulen und Institutionen aus dem Forschungs- und Bildungsbereich, die gemeinsam L\u00f6sungen f\u00fcr innovative Zertifizierungsprozesse entwickeln. &nbsp;Uns vereint das Ziel, gemeinsam eine nachhaltige digitale L\u00f6sung f\u00fcr global einsetzbare Zertifizierungsprozesse zu schaffen. Die Allianz basiert auf gegenseitiger Anerkennung und Vertrauen in die gemeinsame Vision der Blockchain-Technologie.<\/p>\n<!-- \/wp:paragraph -->\n\n<!-- wp:paragraph {\"fontSize\":\"medium\"} -->\n<p class=\"has-medium-font-size\">DigiCerts  ist Partner im <a rel=\"noreferrer noopener\" href=\"http:\/\/netzwerkdigitalenachweise.de\" target=\"_blank\">Netzwerk Digitale Nachweise<\/a>.<\/p>\n<!-- \/wp:paragraph -->\n\n<!-- wp:paragraph {\"fontSize\":\"medium\"} -->\n<p class=\"has-medium-font-size\">Die Blockchain-Allianz \u201cDigiCerts\u201d entwickelt, betreibt und erforscht ein Blockchain-Netzwerk f\u00fcr die Echtheitspr\u00fcfung von digitalen Zertifikaten und definiert Grundlagen des Betriebs und der Mitgliedschaft. <\/p>\n<!-- \/wp:paragraph -->","_et_gb_content_width":"","footnotes":""},"class_list":["post-30","page","type-page","status-publish","hentry"],"_links":{"self":[{"href":"https:\/\/www.digicerts.de\/index.php?rest_route=\/wp\/v2\/pages\/30","targetHints":{"allow":["GET"]}}],"collection":[{"href":"https:\/\/www.digicerts.de\/index.php?rest_route=\/wp\/v2\/pages"}],"about":[{"href":"https:\/\/www.digicerts.de\/index.php?rest_route=\/wp\/v2\/types\/page"}],"author":[{"embeddable":true,"href":"https:\/\/www.digicerts.de\/index.php?rest_route=\/wp\/v2\/users\/4"}],"replies":[{"embeddable":true,"href":"https:\/\/www.digicerts.de\/index.php?rest_route=%2Fwp%2Fv2%2Fcomments&post=30"}],"version-history":[{"count":33,"href":"https:\/\/www.digicerts.de\/index.php?rest_route=\/wp\/v2\/pages\/30\/revisions"}],"predecessor-version":[{"id":364,"href":"https:\/\/www.digicerts.de\/index.php?rest_route=\/wp\/v2\/pages\/30\/revisions\/364"}],"wp:attachment":[{"href":"https:\/\/www.digicerts.de\/index.php?rest_route=%2Fwp%2Fv2%2Fmedia&parent=30"}],"curies":[{"name":"wp","href":"https:\/\/api.w.org\/{rel}","templated":true}]}}