{"id":8,"date":"2019-04-10T14:07:06","date_gmt":"2019-04-10T14:07:06","guid":{"rendered":"https:\/\/websites.fraunhofer.de\/B4E\/?page_id=8"},"modified":"2020-10-15T12:08:05","modified_gmt":"2020-10-15T12:08:05","slug":"8-2","status":"publish","type":"page","link":"https:\/\/www.digicerts.de\/","title":{"rendered":"Home"},"content":{"rendered":"<p>[et_pb_section fb_built=&#8220;1&#8243; _builder_version=&#8220;3.21.4&#8243;][et_pb_row _builder_version=&#8220;3.21.4&#8243;][et_pb_column type=&#8220;2_5&#8243; _builder_version=&#8220;3.21.4&#8243;][et_pb_image src=&#8220;https:\/\/www.digicerts.de\/wp-content\/uploads\/2019\/04\/digiCerts_logo.png&#8220; _builder_version=&#8220;3.21.4&#8243;][\/et_pb_image][\/et_pb_column][et_pb_column type=&#8220;3_5&#8243; _builder_version=&#8220;3.21.4&#8243;][et_pb_text _builder_version=&#8220;3.21.4&#8243; custom_padding=&#8220;50px|40px|0px|0px&#8220;]<\/p>\n<h5>DigiCerts bearbeitet die Fragestellung, wie F\u00e4lschungssicherheit sowie sicherer Zugang und sichere Verwaltung von digitalen Bildungsnachweisen und Zertifikaten gem\u00e4\u00df der Bedarfe von Lernenden, Unternehmen, Bildungseinrichtungen und Zertifizierungsstellen langfristig gew\u00e4hrleistet werden kann.<\/h5>\n<p>[\/et_pb_text][\/et_pb_column][\/et_pb_row][\/et_pb_section][et_pb_section fb_built=&#8220;1&#8243; fullwidth=&#8220;on&#8220; _builder_version=&#8220;3.21.4&#8243; custom_padding=&#8220;0px|0px|0|0px|false|false&#8220;][et_pb_fullwidth_slider _builder_version=&#8220;3.21.4&#8243; transform_origin=&#8220;50%|0%&#8220; max_width_phone=&#8220;100%&#8220; max_width_last_edited=&#8220;on|desktop&#8220; text_shadow_style=&#8220;preset5&#8243;][et_pb_slide heading=&#8220;F\u00fcr Zertifizierungsstellen&#8220; button_text=&#8220;Weitere Informationen&#8220; _builder_version=&#8220;3.21.4&#8243; background_image=&#8220;https:\/\/www.digicerts.de\/wp-content\/uploads\/2019\/04\/home_slider_3-1.jpg&#8220; background_layout=&#8220;light&#8220;]<\/p>\n<p><span style=\"color: #000000;\"><small>Erreichen Sie h\u00f6here Effizienz und mehr Sicherheit f\u00fcr Ihre Zertifizierungsstelle durch Blockchaintechnologie.<\/small><\/span><\/p>\n<p>[\/et_pb_slide][et_pb_slide heading=&#8220;F\u00fcr Zertifikatstr\u00e4ger&#8220; button_text=&#8220;Weitere Informationen&#8220; _builder_version=&#8220;3.21.4&#8243; background_image=&#8220;https:\/\/www.digicerts.de\/wp-content\/uploads\/2019\/04\/home_slider_2-1.jpg&#8220;]<\/p>\n<p><small>Verwalten Sie Ihre Personenzertifikate in pers\u00f6nlichen, digitalen Archiven und steuern Sie selbst die Freigabe an Dritte.<\/small><\/p>\n<p>[\/et_pb_slide][et_pb_slide heading=&#8220;F\u00fcr Arbeitgeber&#8220; button_text=&#8220;Weitere Informationen&#8220; _builder_version=&#8220;3.21.4&#8243; background_image=&#8220;https:\/\/www.digicerts.de\/wp-content\/uploads\/2019\/04\/home_slider_1-1.jpg&#8220;]<\/p>\n<p><small>Die vertrauensw\u00fcrdige Verifikation von Personenzertifikaten f\u00fcr Arbeitgeber durch Echtheitspr\u00fcfung und Ausstellernachweis mittels Blockchain.<\/small><\/p>\n<p>[\/et_pb_slide][\/et_pb_fullwidth_slider][\/et_pb_section][et_pb_section fb_built=&#8220;1&#8243; fullwidth=&#8220;on&#8220; _builder_version=&#8220;3.21.4&#8243;][et_pb_fullwidth_header _builder_version=&#8220;3.21.4&#8243;]<\/p>\n<p class=\"has-medium-font-size\">Wir leben in einer technologiebasierten Gesellschaft, die durch Digitalisierung in allen Lebensbereichen stetig ver\u00e4ndert wird. Wir wollen die Vorteile, die digitale Zertifikate bieten, als Grundlage f\u00fcr eine Vernetzung und Mobilit\u00e4t von Lernenden nutzen.<o:p><\/o:p><\/p>\n<p>[\/et_pb_fullwidth_header][\/et_pb_section][et_pb_section fb_built=&#8220;1&#8243; _builder_version=&#8220;3.21.4&#8243;][et_pb_row _builder_version=&#8220;3.21.4&#8243;][et_pb_column type=&#8220;4_4&#8243; _builder_version=&#8220;3.21.4&#8243;][et_pb_divider show_divider=&#8220;off&#8220; _builder_version=&#8220;3.21.4&#8243; custom_margin=&#8220;30px||&#8220;][\/et_pb_divider][\/et_pb_column][\/et_pb_row][\/et_pb_section][et_pb_section fb_built=&#8220;1&#8243; _builder_version=&#8220;3.21.4&#8243;][et_pb_row _builder_version=&#8220;3.21.4&#8243;][et_pb_column type=&#8220;4_4&#8243; _builder_version=&#8220;3.21.4&#8243;][et_pb_accordion _builder_version=&#8220;3.21.4&#8243; toggle_font=&#8220;||||||||&#8220; background_color=&#8220;rgba(255,255,255,0)&#8220;][et_pb_accordion_item title=&#8220;Unsere Vision&#8220; open=&#8220;on&#8220; open_toggle_text_color=&#8220;#ffffff&#8220; open_toggle_background_color=&#8220;#0da0c5&#8243; closed_toggle_text_color=&#8220;#ffffff&#8220; closed_toggle_background_color=&#8220;#0c71c3&#8243; _builder_version=&#8220;3.21.4&#8243; title_text_shadow_horizontal_length=&#8220;0em&#8220; title_text_shadow_vertical_length=&#8220;0em&#8220; title_text_shadow_blur_strength=&#8220;0em&#8220; body_text_shadow_horizontal_length=&#8220;0em&#8220; body_text_shadow_vertical_length=&#8220;0em&#8220; body_text_shadow_blur_strength=&#8220;0em&#8220;]<\/p>\n<p class=\"has-medium-font-size\"><span style=\"color: #ffffff;\">Unsere Vision ist daher die Schaffung von innovativen Zertifizierungsprozessen, die den Anforderungen einer digitalen Gesellschaft an Bildungsangebote gerecht werden und global nutzbar sind.<\/span><\/p>\n<p class=\"has-medium-font-size\"><span style=\"color: #ffffff;\">Wir wollen akademische und berufliche Mobilit\u00e4t unterst\u00fctzen, indem wir Zertifizierungsprozesse digital abbilden und internationale Standards schaffen, die der akademischen und modernen beruflichen Realit\u00e4t gerecht werden.<\/span><\/p>\n<p>[\/et_pb_accordion_item][et_pb_accordion_item title=&#8220;Unser Ziel&#8220; open=&#8220;off&#8220; open_toggle_text_color=&#8220;#ffffff&#8220; open_toggle_background_color=&#8220;#0da0c5&#8243; closed_toggle_text_color=&#8220;#ffffff&#8220; closed_toggle_background_color=&#8220;#0c71c3&#8243; _builder_version=&#8220;3.21.4&#8243; title_text_shadow_horizontal_length=&#8220;0em&#8220; title_text_shadow_vertical_length=&#8220;0em&#8220; title_text_shadow_blur_strength=&#8220;0em&#8220; body_text_shadow_horizontal_length=&#8220;0em&#8220; body_text_shadow_vertical_length=&#8220;0em&#8220; body_text_shadow_blur_strength=&#8220;0em&#8220;]<\/p>\n<h5><span style=\"color: #ffffff;\">Unser Ziel ist es, digitale global einsetzbare Zertifizierungsprozesse zu schaffen. Wir wollen diesen Prozess digital in Echtzeit abbilden und automatisieren, vereinfachen und gleichzeitig unver\u00e4nderbar machen, um Vertrauen von Hochschulen und Arbeitgeber in digitale Zertifikate sicherzustellen. Dazu erforschen wir neue M\u00f6glichkeiten, die den Anforderungen einer digitalen und agilen Welt gerecht werden.<\/span><\/h5>\n<p>[\/et_pb_accordion_item][et_pb_accordion_item title=&#8220;Unser Netzwerk&#8220; open=&#8220;off&#8220; open_toggle_text_color=&#8220;#ffffff&#8220; open_toggle_background_color=&#8220;#0da0c5&#8243; closed_toggle_text_color=&#8220;#ffffff&#8220; closed_toggle_background_color=&#8220;#0c71c3&#8243; _builder_version=&#8220;3.21.4&#8243; title_text_shadow_horizontal_length=&#8220;0em&#8220; title_text_shadow_vertical_length=&#8220;0em&#8220; title_text_shadow_blur_strength=&#8220;0em&#8220; body_text_shadow_horizontal_length=&#8220;0em&#8220; body_text_shadow_vertical_length=&#8220;0em&#8220; body_text_shadow_blur_strength=&#8220;0em&#8220;]<\/p>\n<h5><span style=\"color: #ffffff;\">Eine Blockchain ist nur so gut, wie das Netzwerk dahinter. Mit unseren starken Partnern bieten wir heute schon eine praxiserprobte L\u00f6sung, die st\u00e4ndig weiterw\u00e4chst. Uns verbindet das gegenseitige Vertrauen, die Transparenz und das gemeinsame Ziel. Wir suchen stets Organisationen und Institutionen, die unsere Vision teilen und mit uns gemeinsam L\u00f6sungen f\u00fcr innovative Zertifizierungstechnologien in einer digitalen und mobilen Welt schaffen wollen.<\/span><\/h5>\n<p>[\/et_pb_accordion_item][\/et_pb_accordion][\/et_pb_column][\/et_pb_row][\/et_pb_section][et_pb_section fb_built=&#8220;1&#8243; _builder_version=&#8220;3.21.4&#8243;][et_pb_row _builder_version=&#8220;3.21.4&#8243;][et_pb_column type=&#8220;4_4&#8243; _builder_version=&#8220;3.21.4&#8243;][et_pb_divider show_divider=&#8220;off&#8220; _builder_version=&#8220;3.21.4&#8243; custom_margin=&#8220;30px||&#8220;][\/et_pb_divider][\/et_pb_column][\/et_pb_row][\/et_pb_section]<\/p>\n","protected":false},"excerpt":{"rendered":"<p>DigiCerts bearbeitet die Fragestellung, wie F\u00e4lschungssicherheit sowie sicherer Zugang und sichere Verwaltung von digitalen Bildungsnachweisen und Zertifikaten gem\u00e4\u00df der Bedarfe von Lernenden, Unternehmen, Bildungseinrichtungen und Zertifizierungsstellen langfristig gew\u00e4hrleistet werden kann.Erreichen Sie h\u00f6here Effizienz und mehr Sicherheit f\u00fcr Ihre Zertifizierungsstelle durch Blockchaintechnologie. Verwalten Sie Ihre Personenzertifikate in pers\u00f6nlichen, digitalen Archiven und steuern Sie selbst die Freigabe [&hellip;]<\/p>\n","protected":false},"author":3,"featured_media":0,"parent":0,"menu_order":0,"comment_status":"closed","ping_status":"closed","template":"","meta":{"_et_pb_use_builder":"on","_et_pb_old_content":"","_et_gb_content_width":"","footnotes":""},"class_list":["post-8","page","type-page","status-publish","hentry"],"_links":{"self":[{"href":"https:\/\/www.digicerts.de\/index.php?rest_route=\/wp\/v2\/pages\/8","targetHints":{"allow":["GET"]}}],"collection":[{"href":"https:\/\/www.digicerts.de\/index.php?rest_route=\/wp\/v2\/pages"}],"about":[{"href":"https:\/\/www.digicerts.de\/index.php?rest_route=\/wp\/v2\/types\/page"}],"author":[{"embeddable":true,"href":"https:\/\/www.digicerts.de\/index.php?rest_route=\/wp\/v2\/users\/3"}],"replies":[{"embeddable":true,"href":"https:\/\/www.digicerts.de\/index.php?rest_route=%2Fwp%2Fv2%2Fcomments&post=8"}],"version-history":[{"count":24,"href":"https:\/\/www.digicerts.de\/index.php?rest_route=\/wp\/v2\/pages\/8\/revisions"}],"predecessor-version":[{"id":366,"href":"https:\/\/www.digicerts.de\/index.php?rest_route=\/wp\/v2\/pages\/8\/revisions\/366"}],"wp:attachment":[{"href":"https:\/\/www.digicerts.de\/index.php?rest_route=%2Fwp%2Fv2%2Fmedia&parent=8"}],"curies":[{"name":"wp","href":"https:\/\/api.w.org\/{rel}","templated":true}]}}